{"id":263,"date":"2015-04-19T15:57:17","date_gmt":"2015-04-19T13:57:17","guid":{"rendered":"http:\/\/hubertweinheimer.net\/?page_id=263"},"modified":"2025-09-26T14:14:12","modified_gmt":"2025-09-26T12:14:12","slug":"musik-dastrojanischepferd","status":"publish","type":"page","link":"https:\/\/hubertweinheimer.net\/?page_id=263","title":{"rendered":"MUSIK \/ DTP"},"content":{"rendered":"<p>Seit <strong>2007<\/strong> bin ich Kopf und einziges st\u00e4ndiges Mitglied der Band mit dem programmatischen Namen \u201e<strong>Das Trojanische Pferd<\/strong>\u201c. Dieses Vehikel navigiere ich seither mit wechselnden Mitstreiter:innen und sehr viel Leidenschaft durch die weniger ausgetretenen Pfade der Musiklandschaft. Konkret bin ich <strong>Texter, S\u00e4nger, Gitarrist, Pianist<\/strong> &amp; vor allem Herzschrittmacher der Band. Ich sage gern \u201eChanson-Punk\u201c dazu, weil das ein sehr weites Feld er\u00f6ffnet und doch manches ausklammert.<\/p>\n<p><img decoding=\"async\" loading=\"lazy\" class=\"alignnone size-large wp-image-619\" src=\"https:\/\/hubertweinheimer.net\/wp-content\/uploads\/DAS-TROJANISCHE-PFERD-HANS-c-Pippa-Galli-1024x417.jpg\" alt=\"\" width=\"1024\" height=\"417\" srcset=\"https:\/\/hubertweinheimer.net\/wp-content\/uploads\/DAS-TROJANISCHE-PFERD-HANS-c-Pippa-Galli-1024x417.jpg 1024w, https:\/\/hubertweinheimer.net\/wp-content\/uploads\/DAS-TROJANISCHE-PFERD-HANS-c-Pippa-Galli-300x122.jpg 300w, https:\/\/hubertweinheimer.net\/wp-content\/uploads\/DAS-TROJANISCHE-PFERD-HANS-c-Pippa-Galli-768x313.jpg 768w, https:\/\/hubertweinheimer.net\/wp-content\/uploads\/DAS-TROJANISCHE-PFERD-HANS-c-Pippa-Galli-1536x626.jpg 1536w, https:\/\/hubertweinheimer.net\/wp-content\/uploads\/DAS-TROJANISCHE-PFERD-HANS-c-Pippa-Galli.jpg 1920w\" sizes=\"(max-width: 1024px) 100vw, 1024px\" \/><\/p>\n<p>(Foto: Pippa Galli)<\/p>\n<p>Gemeinsam ist den Liedern eine textliche Dringlichkeit und eine organische Aufnahme-Philosophie, die auch Raum f\u00fcr spontane Impulse l\u00e4sst. &#8222;Sound &amp; Vision&#8220; orientieren sich dabei nicht an saisonalen Moden, sondern am meinem sehr subjektiven Standpunkt \u2013 und der ist tendenziell etwas abseits. <strong>Widerspr\u00fcche werden jedenfalls nicht bereinigt, sondern doppelt und dreifach betont<\/strong>. Frei nach Brian Eno: &#8222;Look closely at the most embarrassing details, and amplify them&#8220;.<\/p>\n<p>Die wichtigsten Mitstreiter:innen beim Pferd waren bzw. sind: <strong>Hans Wagner, Rene M\u00fchlberger, David Schweighart &amp; Judith Filimonova<\/strong>.<\/p>\n<h2>Diskographie:<\/h2>\n<p>2009: Das Trojanische Pferd (ALBUM)<\/p>\n<p>2010: Hybrid \u2013 (Remix EP)<\/p>\n<p>2012: Wut &amp; Disziplin (ALBUM)<\/p>\n<p>2015: Dekadenz (ALBUM)<\/p>\n<p>2020: Gunst (ALBUM)<\/p>\n<p>Die meisten Musikvideos entstanden in Zusammenarbeit mit Timon Mikocki. Als Label hatten wir zun\u00e4chst Cheap (Erdem Tunakan), dann Problemb\u00e4r (Stefan Redelsteiner) und schliesslich Schallter (Walter Gr\u00f6bchen).<\/p>\n<p>S\u00e4mtliche <strong>Liedtexte<\/strong> findest du <a href=\"http:\/\/www.dastrojanischepferd.org\/texte\" target=\"_blank\" rel=\"noopener\">HIER<\/a>.<\/p>\n<p>Und <strong>Tontr\u00e4ger kaufen<\/strong> kannst du am besten <a href=\"https:\/\/dastrojanischepferd.org\/laden\/\" target=\"_blank\" rel=\"noopener\">DA<\/a> oder auch <a href=\"https:\/\/dastrojanischepferd.org\/laden\/\" target=\"_blank\" rel=\"noopener\">DORT<\/a>.<\/p>\n<p>Weitere Informationen:<br \/>\n<a href=\"http:\/\/www.dastrojanischepferd.org\" target=\"_blank\" rel=\"noopener\">Band-Homepage<\/a><br \/>\n<a href=\"http:\/\/de.wikipedia.org\/wiki\/Das_trojanische_Pferd_%28Band%29\" target=\"_blank\" rel=\"noopener\">Wikipedia-Eintrag<\/a><\/p>\n","protected":false},"excerpt":{"rendered":"<p>Seit 2007 bin ich Kopf und einziges st\u00e4ndiges Mitglied der Band mit dem programmatischen Namen \u201eDas Trojanische Pferd\u201c. Dieses Vehikel navigiere ich seither mit wechselnden Mitstreiter:innen und sehr viel Leidenschaft durch die weniger ausgetretenen Pfade der Musiklandschaft. Konkret bin ich Texter, S\u00e4nger, Gitarrist, Pianist &amp; vor allem Herzschrittmacher der Band. Ich sage gern \u201eChanson-Punk\u201c dazu, &#8230; <a class=\"read-more\" href=\"https:\/\/hubertweinheimer.net\/?page_id=263\">Mehr lesen<\/a><\/p>\n","protected":false},"author":1,"featured_media":0,"parent":0,"menu_order":0,"comment_status":"closed","ping_status":"open","template":"","meta":[],"_links":{"self":[{"href":"https:\/\/hubertweinheimer.net\/index.php?rest_route=\/wp\/v2\/pages\/263"}],"collection":[{"href":"https:\/\/hubertweinheimer.net\/index.php?rest_route=\/wp\/v2\/pages"}],"about":[{"href":"https:\/\/hubertweinheimer.net\/index.php?rest_route=\/wp\/v2\/types\/page"}],"author":[{"embeddable":true,"href":"https:\/\/hubertweinheimer.net\/index.php?rest_route=\/wp\/v2\/users\/1"}],"replies":[{"embeddable":true,"href":"https:\/\/hubertweinheimer.net\/index.php?rest_route=%2Fwp%2Fv2%2Fcomments&post=263"}],"version-history":[{"count":28,"href":"https:\/\/hubertweinheimer.net\/index.php?rest_route=\/wp\/v2\/pages\/263\/revisions"}],"predecessor-version":[{"id":620,"href":"https:\/\/hubertweinheimer.net\/index.php?rest_route=\/wp\/v2\/pages\/263\/revisions\/620"}],"wp:attachment":[{"href":"https:\/\/hubertweinheimer.net\/index.php?rest_route=%2Fwp%2Fv2%2Fmedia&parent=263"}],"curies":[{"name":"wp","href":"https:\/\/api.w.org\/{rel}","templated":true}]}}